{"id":5,"date":"2017-01-02T08:28:52","date_gmt":"2017-01-02T08:28:52","guid":{"rendered":"https:\/\/demo.themegrill.com\/flash-default-2\/?page_id=5"},"modified":"2023-11-09T01:09:49","modified_gmt":"2023-11-09T01:09:49","slug":"home","status":"publish","type":"page","link":"https:\/\/whyimmunize.ca\/fr_ca\/","title":{"rendered":"Home"},"content":{"rendered":"<div id=\"pl-5\"  class=\"panel-layout\" ><div id=\"pg-5-0\"  class=\"panel-grid panel-has-style\" ><div class=\"siteorigin-panels-stretch panel-row-style panel-row-style-for-5-0\" data-stretch-type=\"full-stretched\" ><div id=\"pgc-5-0-0\"  class=\"panel-grid-cell\" ><div id=\"panel-5-0-0-0\" class=\"so-panel widget widget_themegrill_flash_slider tg-section tg-slider-widget panel-first-child panel-last-child\" data-index=\"0\" ><div class=\"flash_inherit_color panel-widget-style panel-widget-style-for-5-0-0-0\" ><div class=\"tg-slider-widget tg-slider-widget-container slider-light slider-content-center slider-control-center full-width\">\n\t<div class=\"tg-slider-container swiper-container\"\n\t     data-transition-autoplay=\"4000\"\n\t     data-autoplay=\"1\"\n\t     data-effect=\"slide\"\n\t     data-speed=\"1000\"\n\t     data-pause_on_hover=\"1\">\n\t\t<div class=\"swiper-wrapper\">\n\t\t\t\t\t\t\t\t\t<div class=\"swiper-slide\" data-imagelink = \"#\">\n\t\t\t\t\t\t\t<figure class=\"slider-image\"\n\t\t\t\t\t\t\t        style=\"background-image: url( https:\/\/whyimmunize.ca\/wp-content\/uploads\/2021\/01\/Sliders_TealGraphic_MOM-and-Son.png );\">\n\t\t\t\t\t\t\t\t<img width=\"3176\" height=\"1278\"\t\t\t\t\t\t\t\t\t\talt=\"Resources\"\n\t\t\t\t\t\t\t\t\t\tsrc=\"https:\/\/whyimmunize.ca\/wp-content\/uploads\/2021\/03\/Sliders_TealGraphic_FR_MOMSON.png\"\n\t\t\t\t\t\t\t\t\t\ttitle=\"RESSOURCES\" \/>\n\t\t\t\t\t\t\t\t<div class=\"overlay\"><\/div>\n\t\t\t\t\t\t\t<\/figure>\n\t\t\t\t\t\t\t<div class=\"slider-content\">\n\t\t\t\t\t\t\t\t<div class=\"tg-container\">\n\t\t\t\t\t\t\t\t\t\t\t\t\t\t\t\t\t\t\t<div class=\"caption-title\">RESSOURCES<\/div>\n\t\t\t\t\t\t\t\t\t\t<div class=\"caption-desc\">Consultez nos ressources pour un apprentissage <br>amusant en classe ou \u00e0 la maison! <\/br><\/div>\n\t\t\t\t\t\t\t\t\t\t\t\t\t\t\t\t\t\t\t\t\t\t\t\t\t\t\t\t\t<div class=\"btn-wrapper\">\n\t\t\t\t\t\t\t\t\t\t\t\t\t\t\t\t\t\t\t\t\t\t\t<a href=\"https:\/\/whyimmunize.ca\/fr_ca\/resources\/\" >Jouons!<\/a>\n\t\t\t\t\t\t\t\t\t\t\t\t\t\t\t\t\t\t\t\t\t\t\t\t\t\t\t\t\t\t\t\t<\/div>\n\t\t\t\t\t\t\t\t\t\t\t\t\t\t\t\t\t<\/div>\n\t\t\t\t\t\t\t<\/div>\n\t\t\t\t\t\t<\/div>\n\t\t\t\t\t\t\t\t\t\t\t\t<div class=\"swiper-slide\" data-imagelink = \"#\">\n\t\t\t\t\t\t\t<figure class=\"slider-image\"\n\t\t\t\t\t\t\t        style=\"background-image: url( https:\/\/whyimmunize.ca\/wp-content\/uploads\/2021\/01\/Sliders_TealGraphic.png );\">\n\t\t\t\t\t\t\t\t<img width=\"3176\" height=\"1278\"\t\t\t\t\t\t\t\t\t\talt=\"Have questions about vaccines?\"\n\t\t\t\t\t\t\t\t\t\tsrc=\"https:\/\/whyimmunize.ca\/wp-content\/uploads\/2021\/03\/Sliders_TealGraphic_FR_boy.png\"\n\t\t\t\t\t\t\t\t\t\ttitle=\"VOUS AVEZ DES QUESTIONS SUR LES VACCINS?\" \/>\n\t\t\t\t\t\t\t\t<div class=\"overlay\"><\/div>\n\t\t\t\t\t\t\t<\/figure>\n\t\t\t\t\t\t\t<div class=\"slider-content\">\n\t\t\t\t\t\t\t\t<div class=\"tg-container\">\n\t\t\t\t\t\t\t\t\t\t\t\t\t\t\t\t\t\t\t<div class=\"caption-title\">VOUS AVEZ DES QUESTIONS SUR LES VACCINS?<\/div>\n\t\t\t\t\t\t\t\t\t\t<div class=\"caption-desc\">Nous avons quelques r\u00e9ponses<\/div>\n\t\t\t\t\t\t\t\t\t\t\t\t\t\t\t\t\t\t\t\t\t\t\t\t\t\t\t\t\t<div class=\"btn-wrapper\">\n\t\t\t\t\t\t\t\t\t\t\t\t\t\t\t\t\t\t\t\t\t\t\t<a href=\"https:\/\/whyimmunize.ca\/fr_ca\/vaccines-faqs\/\" >En savoir plus<\/a>\n\t\t\t\t\t\t\t\t\t\t\t\t\t\t\t\t\t\t\t\t\t\t\t\t\t\t\t\t\t\t\t\t<\/div>\n\t\t\t\t\t\t\t\t\t\t\t\t\t\t\t\t\t<\/div>\n\t\t\t\t\t\t\t<\/div>\n\t\t\t\t\t\t<\/div>\n\t\t\t\t\t\t\t\t\t\t\t\t<div class=\"swiper-slide\" data-imagelink = \"#\">\n\t\t\t\t\t\t\t<figure class=\"slider-image\"\n\t\t\t\t\t\t\t        style=\"background-image: url( https:\/\/whyimmunize.ca\/wp-content\/uploads\/2021\/01\/Sliders_TealGraphic_TEACHER_test.png );\">\n\t\t\t\t\t\t\t\t<img width=\"3176\" height=\"1278\"\t\t\t\t\t\t\t\t\t\talt=\"Bias Busters\"\n\t\t\t\t\t\t\t\t\t\tsrc=\"https:\/\/whyimmunize.ca\/wp-content\/uploads\/2021\/03\/Sliders_TealGraphic_FR_TEACHER.png\"\n\t\t\t\t\t\t\t\t\t\ttitle=\"LES ATTRAPEURS DE BIAIS\" \/>\n\t\t\t\t\t\t\t\t<div class=\"overlay\"><\/div>\n\t\t\t\t\t\t\t<\/figure>\n\t\t\t\t\t\t\t<div class=\"slider-content\">\n\t\t\t\t\t\t\t\t<div class=\"tg-container\">\n\t\t\t\t\t\t\t\t\t\t\t\t\t\t\t\t\t\t\t<div class=\"caption-title\">LES ATTRAPEURS DE BIAIS<\/div>\n\t\t\t\t\t\t\t\t\t\t<div class=\"caption-desc\">cr\u00e9ent une immunit\u00e9 <br> \u00e0 la d\u00e9sinformation <\/br><\/div>\n\t\t\t\t\t\t\t\t\t\t\t\t\t\t\t\t\t\t\t\t\t\t\t\t\t\t\t\t\t<div class=\"btn-wrapper\">\n\t\t\t\t\t\t\t\t\t\t\t\t\t\t\t\t\t\t\t\t\t\t\t<a href=\"https:\/\/whyimmunize.ca\/fr_ca\/bias-busters\/\" >En savoir plus<\/a>\n\t\t\t\t\t\t\t\t\t\t\t\t\t\t\t\t\t\t\t\t\t\t\t\t\t\t\t\t\t\t\t\t<\/div>\n\t\t\t\t\t\t\t\t\t\t\t\t\t\t\t\t\t<\/div>\n\t\t\t\t\t\t\t<\/div>\n\t\t\t\t\t\t<\/div>\n\t\t\t\t\t\t\t\t<\/div>\n\t\t<div class=\"slider-arrow\">\n\t\t\t<div class=\"swiper-button-next\"><\/div>\n\t\t\t<div class=\"swiper-button-prev\"><\/div>\n\t\t<\/div>\n\n\t\t\t<\/div>\n\t<\/div>\n<\/div><\/div><\/div><\/div><\/div><div id=\"pg-5-1\"  class=\"panel-grid panel-has-style\" ><div class=\"siteorigin-panels-stretch panel-row-style panel-row-style-for-5-1\" data-stretch-type=\"full\" data-overlay-opactity=\"1\" ><div id=\"pgc-5-1-0\"  class=\"panel-grid-cell panel-grid-cell-empty\" ><\/div><\/div><\/div><div id=\"pg-5-2\"  class=\"panel-grid panel-has-style\" ><div data-overlay-opactity=\"1\" class=\"panel-row-style panel-row-style-for-5-2\" ><div id=\"pgc-5-2-0\"  class=\"panel-grid-cell\" ><div id=\"panel-5-2-0-0\" class=\"so-panel widget widget_siteorigin-panels-builder panel-first-child panel-last-child\" data-index=\"1\" ><div id=\"pl-w654c31063cb7b\"  class=\"panel-layout\" ><div id=\"pg-w654c31063cb7b-0\"  class=\"panel-grid panel-has-style\" ><div data-overlay-opactity=\"1\" class=\"panel-row-style panel-row-style-for-w654c31063cb7b-0\" ><div id=\"pgc-w654c31063cb7b-0-0\"  class=\"panel-grid-cell\" ><div id=\"panel-w654c31063cb7b-0-0-0\" class=\"so-panel widget widget_themegrill_flash_heading tg-widget section-title-wrapper panel-first-child\" data-index=\"0\" ><div class=\"flash_inherit_color panel-widget-style panel-widget-style-for-w654c31063cb7b-0-0-0\" >\t<div class=\"heading heading-center divider-without-icon no-divider\">\n\t<h3 class=\"section-title\">BIENVENUE!<\/h3>\n\t<div class=\"section-description\">En 2019, l'Organisation mondiale de la sant\u00e9 a d\u00e9sign\u00e9 l'h\u00e9sitation \u00e0 se faire vacciner comme l'une des dix principales menaces contre la sant\u00e9 dans le monde.  C\u2019est ce qui, lors d\u2019une pand\u00e9mie mondiale et avec la multiplication des fausses informations, a donn\u00e9 naissance \u00e0 l\u2019initiative \u00ab Pourquoi s\u2019immuniser? \u00bb.<\/div>\n<\/div>\n<\/div><\/div><div id=\"panel-w654c31063cb7b-0-0-1\" class=\"so-panel widget widget_themegrill_flash_heading tg-widget section-title-wrapper\" data-index=\"1\" ><div class=\"flash_inherit_color panel-widget-style panel-widget-style-for-w654c31063cb7b-0-0-1\" >\t<div class=\"heading heading-center divider-without-icon no-divider\">\n\t<div class=\"section-description\">Quel est son but? Donner aux apprenants de tous \u00e2ges les moyens de comprendre pourquoi la vaccination est \u00e0 la fois un droit et une responsabilit\u00e9, et les aider \u00e0 porter un regard critique dans une \u00e9poque o\u00f9 nous sommes assaillis par les informations. Pourquoi s\u2019immuniser? est une initiative men\u00e9e par le Discovery Centre, en partenariat avec la R\u00e9gie de la sant\u00e9 de la Nouvelle-\u00c9cosse, qui est aussi rendue possible gr\u00e2ce au soutien de l'Agence de la sant\u00e9 publique du Canada et de la Fondation TELUS pour un futur meilleur. Ce site permettra aux \u00e9ducateurs et aux parents d'avoir acc\u00e8s \u00e0 des activit\u00e9s gratuites et bilingues, ainsi qu\u2019\u00e0 une foire aux questions, le tout adapt\u00e9 tant pour la maison que pour la salle de classe et visant \u00e0 rendre l'immunologie et la vaccinologie amusantes, attrayantes et accessibles \u00e0 tout le monde.<\/div>\n<\/div>\n<\/div><\/div><div id=\"panel-w654c31063cb7b-0-0-2\" class=\"so-panel widget widget_themegrill_flash_heading tg-widget section-title-wrapper panel-last-child\" data-index=\"2\" ><div class=\"flash_inherit_color panel-widget-style panel-widget-style-for-w654c31063cb7b-0-0-2\" >\t<div class=\"heading heading-center divider-without-icon no-divider\">\n\t<div class=\"section-description\">Trusted Voices, an initiative by Discovery Centre\u2019s Why Immunize? team, is designed to help promote vaccine confidence in marginalized communities of Nova Scotia by co-creating various resources with partner organizations that work directly within these communities. By working with these Trusted Voices, we are able to create culturally relevant resources that address the concerns of the people in these communities. In partnership with Africville Museum and through consultation with Nova Scotia Health and Health Association of African Canadians, we have gathered information together to support informed decisions about vaccines and highlight African Nova Scotian community resources.<\/div>\n<\/div>\n<\/div><\/div><\/div><\/div><\/div><div id=\"pg-w654c31063cb7b-1\"  class=\"panel-grid panel-has-style\" ><div data-overlay-opactity=\"1\" class=\"panel-row-style panel-row-style-for-w654c31063cb7b-1\" ><div id=\"pgc-w654c31063cb7b-1-0\"  class=\"panel-grid-cell\" ><div id=\"panel-w654c31063cb7b-1-0-0\" class=\"so-panel widget widget_themegrill_flash_button tg-widget tg-button-widget panel-first-child panel-last-child\" data-index=\"3\" >\n<div class=\"tg-btn__container tg-btn__container--btn-center\">\n\t\t<a  class=\"tg-button tg-button--flat tg-button--medium\" href=\"https:\/\/thediscoverycentre.ca\/why-immunize\/\">\n\t\t<span class=\"tg-button__label\">Learn more<\/span>\n\t<\/a>\n<\/div>\n<\/div><\/div><\/div><\/div><\/div><\/div><\/div><\/div><\/div><div id=\"pg-5-3\"  class=\"panel-grid panel-has-style\" ><div data-overlay-opactity=\"1\" class=\"panel-row-style panel-row-style-for-5-3\" ><div id=\"pgc-5-3-0\"  class=\"panel-grid-cell panel-grid-cell-empty\" ><\/div><\/div><\/div><div id=\"pg-5-4\"  class=\"panel-grid panel-has-style\" ><div class=\"siteorigin-panels-stretch panel-row-style panel-row-style-for-5-4\" data-stretch-type=\"full\" ><div id=\"pgc-5-4-0\"  class=\"panel-grid-cell\" ><div id=\"panel-5-4-0-0\" class=\"so-panel widget widget_themegrill_flash_cta tg-widget call-to-action-section panel-first-child panel-last-child\" data-index=\"2\" ><div class=\"so-parallax flash_inherit_color panel-widget-style panel-widget-style-for-5-4-0-0\" ><img fetchpriority=\"high\" decoding=\"async\" width=\"1667\" height=\"313\" src=\"https:\/\/whyimmunize.ca\/wp-content\/uploads\/2021\/01\/YELLOW-BAR_Filler.png\" class=\"attachment-full size-full\" alt=\"\" data-siteorigin-parallax=\"true\" loading=\"eager\" srcset=\"https:\/\/whyimmunize.ca\/wp-content\/uploads\/2021\/01\/YELLOW-BAR_Filler.png 1667w, https:\/\/whyimmunize.ca\/wp-content\/uploads\/2021\/01\/YELLOW-BAR_Filler-300x56.png 300w, https:\/\/whyimmunize.ca\/wp-content\/uploads\/2021\/01\/YELLOW-BAR_Filler-1024x192.png 1024w, https:\/\/whyimmunize.ca\/wp-content\/uploads\/2021\/01\/YELLOW-BAR_Filler-768x144.png 768w, https:\/\/whyimmunize.ca\/wp-content\/uploads\/2021\/01\/YELLOW-BAR_Filler-1536x288.png 1536w\" sizes=\"(max-width: 1667px) 100vw, 1667px\" \/><div class=\"cta-wrapper call-to-action-section-layout-1 center\">\n\t<div class=\"section-title-wrapper\">\n\t\t\t\t\t<h3 class=\"section-title\">Expert Q&amp;A:<\/h3>\n\t\t\t\t\t\t<h4 class=\"section-subtitle\">Vaccination against COVID-19 for older adults. <\/h4>\n\t\t\t<\/div>\n\t\t\t<div class=\"btn-wrapper\">\n\t\t\t\t\t\t\t<a class=\"btn\" href=\"https:\/\/whyimmunize.ca\/wp-content\/uploads\/2021\/05\/Why-Immunize_Brochure_OlderAdults_WEB.pdf\" target=\"&quot;_blank&quot;\">En savoir plus<\/a>\n\t\t\t\t\t\t\t\t<\/div>\n\t<\/div>\n<\/div><\/div><\/div><\/div><\/div><div id=\"pg-5-5\"  class=\"panel-grid panel-has-style\" ><div class=\"panel-row-style panel-row-style-for-5-5\" ><div id=\"pgc-5-5-0\"  class=\"panel-grid-cell\" ><div id=\"panel-5-5-0-0\" class=\"so-panel widget widget_themegrill_flash_heading tg-widget section-title-wrapper panel-first-child\" data-index=\"3\" >\t<div class=\"heading heading-center divider-without-icon heading-divider\">\n\t<h3 class=\"section-title\">Avec le soutien de :<\/h3>\n<\/div>\n<\/div><div id=\"panel-5-5-0-1\" class=\"so-panel widget widget_themegrill_flash_logo tg-section client-section\" data-index=\"4\" ><div class=\"tg-client-widget\" data-col=\"1\">\n\t<div class=\"client-container swiper-container\" data-transition-autoplay=\"1000\"\n\t\tdata-autoplay=\"0\"\n\t\tdata-speed=\"300\" data-spv=\"7\">\n\t\t<div class=\"client-wrapper swiper-wrapper\">\n\t\t\t\t\t\t\t\t\t<div class=\"client-slide swiper-slide tg-column-1\">\n\t\t\t\t\t\t\t\t\t\t\t\t\t\t<a href=\"https:\/\/www.canada.ca\/en\/public-health.html\" >\n\t\t\t\t\t\t\t\t\t\t\t\t\t\t\t\t<img decoding=\"async\" src=\"https:\/\/whyimmunize.ca\/wp-content\/uploads\/2021\/01\/PUBLIC-HEALTH-AGENCY_logo.jpg\"\n\t\t\t\t\t\t\t\t\talt=\"PUBLIC HEALTH AGENCY\" \/>\n\t\t\t\t\t\t\t\t\t\t\t\t\t\t\t<\/a>\n\t\t\t\t\t\t\t\t\t\t\t\t<\/div>\n\t\t\t\t\t\t\t\t\t\t\t\t<div class=\"client-slide swiper-slide tg-column-1\">\n\t\t\t\t\t\t\t\t\t\t\t\t\t\t<a href=\"http:\/\/www.nshealth.ca\/\" >\n\t\t\t\t\t\t\t\t\t\t\t\t\t\t\t\t<img decoding=\"async\" src=\"https:\/\/whyimmunize.ca\/wp-content\/uploads\/2021\/01\/nova-scotia-health-logo_new.jpg\"\n\t\t\t\t\t\t\t\t\talt=\"NS HEALTH\" \/>\n\t\t\t\t\t\t\t\t\t\t\t\t\t\t\t<\/a>\n\t\t\t\t\t\t\t\t\t\t\t\t<\/div>\n\t\t\t\t\t\t\t\t\t\t\t\t<div class=\"client-slide swiper-slide tg-column-1\">\n\t\t\t\t\t\t\t\t\t\t\t\t\t\t<a href=\"https:\/\/www.friendlyfuture.com\/en\/foundation\/apply-for-funding\" >\n\t\t\t\t\t\t\t\t\t\t\t\t\t\t\t\t<img decoding=\"async\" src=\"https:\/\/whyimmunize.ca\/wp-content\/uploads\/2021\/12\/TELUS_Foundation_newlogo_dec15.png\"\n\t\t\t\t\t\t\t\t\talt=\"TELUS FRIENDLY\" \/>\n\t\t\t\t\t\t\t\t\t\t\t\t\t\t\t<\/a>\n\t\t\t\t\t\t\t\t\t\t\t\t<\/div>\n\t\t\t\t\t\t\t\t\t\t\t\t<div class=\"client-slide swiper-slide tg-column-1\">\n\t\t\t\t\t\t\t\t\t\t\t\t\t\t<a href=\"https:\/\/www.canada.ca\/en.html\" >\n\t\t\t\t\t\t\t\t\t\t\t\t\t\t\t\t<img decoding=\"async\" src=\"https:\/\/whyimmunize.ca\/wp-content\/uploads\/2021\/01\/CanadaFlag_logo_sm.png\"\n\t\t\t\t\t\t\t\t\talt=\"Canada (with Flag)\" \/>\n\t\t\t\t\t\t\t\t\t\t\t\t\t\t\t<\/a>\n\t\t\t\t\t\t\t\t\t\t\t\t<\/div>\n\t\t\t\t\t\t\t\t\t\t\t\t<div class=\"client-slide swiper-slide tg-column-1\">\n\t\t\t\t\t\t\t\t\t\t\t\t\t\t<a href=\"https:\/\/cfns-fcne.ca\/en\/\" >\n\t\t\t\t\t\t\t\t\t\t\t\t\t\t\t\t<img decoding=\"async\" src=\"https:\/\/whyimmunize.ca\/wp-content\/uploads\/2021\/01\/COMMUNITY-FOUNDATION.jpg\"\n\t\t\t\t\t\t\t\t\talt=\"Community Foundation of NS\" \/>\n\t\t\t\t\t\t\t\t\t\t\t\t\t\t\t<\/a>\n\t\t\t\t\t\t\t\t\t\t\t\t<\/div>\n\t\t\t\t\t\t\t\t\t\t\t\t<div class=\"client-slide swiper-slide tg-column-1\">\n\t\t\t\t\t\t\t\t\t\t\t\t\t\t<a href=\"http:\/\/www.smblairfoundation.com\/\" >\n\t\t\t\t\t\t\t\t\t\t\t\t\t\t\t\t<img decoding=\"async\" src=\"https:\/\/whyimmunize.ca\/wp-content\/uploads\/2021\/01\/SM-Blair-Family-LOGO.png\"\n\t\t\t\t\t\t\t\t\talt=\"SM Blair Family Foundation\" \/>\n\t\t\t\t\t\t\t\t\t\t\t\t\t\t\t<\/a>\n\t\t\t\t\t\t\t\t\t\t\t\t<\/div>\n\t\t\t\t\t\t\t\t\t\t\t\t<div class=\"client-slide swiper-slide tg-column-1\">\n\t\t\t\t\t\t\t\t\t\t\t\t\t\t<a href=\"https:\/\/thediscoverycentre.ca\/\" >\n\t\t\t\t\t\t\t\t\t\t\t\t\t\t\t\t<img decoding=\"async\" src=\"https:\/\/whyimmunize.ca\/wp-content\/uploads\/2021\/03\/DC-Horizontal_SM.jpg\"\n\t\t\t\t\t\t\t\t\talt=\"DISCOVERY CENTRE\" \/>\n\t\t\t\t\t\t\t\t\t\t\t\t\t\t\t<\/a>\n\t\t\t\t\t\t\t\t\t\t\t\t<\/div>\n\t\t\t\t\t\t\t\t\t\t\t\t<div class=\"client-slide swiper-slide tg-column-1\">\n\t\t\t\t\t\t\t\t\t\t\t\t\t\t<a href=\"https:\/\/africvillemuseum.org\/\" >\n\t\t\t\t\t\t\t\t\t\t\t\t\t\t\t\t<img decoding=\"async\" src=\"https:\/\/whyimmunize.ca\/wp-content\/uploads\/2023\/11\/Screenshot-2023-11-08-at-8.53.24-PM.png\"\n\t\t\t\t\t\t\t\t\talt=\"Africville Museum\" \/>\n\t\t\t\t\t\t\t\t\t\t\t\t\t\t\t<\/a>\n\t\t\t\t\t\t\t\t\t\t\t\t<\/div>\n\t\t\t\t\t\t\t\t\t\t\t\t<div class=\"client-slide swiper-slide tg-column-1\">\n\t\t\t\t\t\t\t\t\t\t\t\t\t\t<a href=\"https:\/\/www.nsabsw.ca\/\" >\n\t\t\t\t\t\t\t\t\t\t\t\t\t\t\t\t<img decoding=\"async\" src=\"https:\/\/whyimmunize.ca\/wp-content\/uploads\/2023\/11\/Screenshot-2023-11-08-at-8.54.49-PM.png\"\n\t\t\t\t\t\t\t\t\talt=\"ABSW\" \/>\n\t\t\t\t\t\t\t\t\t\t\t\t\t\t\t<\/a>\n\t\t\t\t\t\t\t\t\t\t\t\t<\/div>\n\t\t\t\t\t\t\t\t\t\t\t\t<div class=\"client-slide swiper-slide tg-column-1\">\n\t\t\t\t\t\t\t\t\t\t\t\t\t\t<a href=\"https:\/\/haac.ca\/\" >\n\t\t\t\t\t\t\t\t\t\t\t\t\t\t\t\t<img decoding=\"async\" src=\"https:\/\/whyimmunize.ca\/wp-content\/uploads\/2023\/11\/Screenshot-2023-11-08-at-8.55.12-PM.png\"\n\t\t\t\t\t\t\t\t\talt=\"Health Association of African Canadians\" \/>\n\t\t\t\t\t\t\t\t\t\t\t\t\t\t\t<\/a>\n\t\t\t\t\t\t\t\t\t\t\t\t<\/div>\n\t\t\t\t\t\t\t\t<\/div>\n\t<\/div>\n<\/div>\n<\/div><div id=\"panel-5-5-0-2\" class=\"so-panel widget widget_themegrill_flash_logo tg-section client-section panel-last-child\" data-index=\"5\" ><div class=\"tg-client-widget\" data-col=\"1\">\n\t<div class=\"client-container swiper-container\" data-transition-autoplay=\"1000\"\n\t\tdata-autoplay=\"0\"\n\t\tdata-speed=\"300\" data-spv=\"7\">\n\t\t<div class=\"client-wrapper swiper-wrapper\">\n\t\t\t\t\t\t\t\t\t<div class=\"client-slide swiper-slide tg-column-1\">\n\t\t\t\t\t\t\t\t\t\t\t\t\t\t<a href=\"https:\/\/africvillemuseum.org\/\" >\n\t\t\t\t\t\t\t\t\t\t\t\t\t\t\t\t<img decoding=\"async\" src=\"https:\/\/whyimmunize.ca\/wp-content\/uploads\/2023\/11\/Screenshot-2023-11-08-at-8.53.24-PM.png\"\n\t\t\t\t\t\t\t\t\talt=\"Africville Museum\" \/>\n\t\t\t\t\t\t\t\t\t\t\t\t\t\t\t<\/a>\n\t\t\t\t\t\t\t\t\t\t\t\t<\/div>\n\t\t\t\t\t\t\t\t\t\t\t\t<div class=\"client-slide swiper-slide tg-column-1\">\n\t\t\t\t\t\t\t\t\t\t\t\t\t\t<a href=\"https:\/\/www.nsabsw.ca\/\" >\n\t\t\t\t\t\t\t\t\t\t\t\t\t\t\t\t<img decoding=\"async\" src=\"https:\/\/whyimmunize.ca\/wp-content\/uploads\/2023\/11\/Screenshot-2023-11-08-at-8.54.49-PM.png\"\n\t\t\t\t\t\t\t\t\talt=\"ABSW\" \/>\n\t\t\t\t\t\t\t\t\t\t\t\t\t\t\t<\/a>\n\t\t\t\t\t\t\t\t\t\t\t\t<\/div>\n\t\t\t\t\t\t\t\t\t\t\t\t<div class=\"client-slide swiper-slide tg-column-1\">\n\t\t\t\t\t\t\t\t\t\t\t\t\t\t<a href=\"https:\/\/haac.ca\/\" >\n\t\t\t\t\t\t\t\t\t\t\t\t\t\t\t\t<img decoding=\"async\" src=\"https:\/\/whyimmunize.ca\/wp-content\/uploads\/2023\/11\/Screenshot-2023-11-08-at-8.55.12-PM.png\"\n\t\t\t\t\t\t\t\t\talt=\"Health Association of African Canadians\" \/>\n\t\t\t\t\t\t\t\t\t\t\t\t\t\t\t<\/a>\n\t\t\t\t\t\t\t\t\t\t\t\t<\/div>\n\t\t\t\t\t\t\t\t<\/div>\n\t<\/div>\n<\/div>\n<\/div><\/div><\/div><\/div><\/div>","protected":false},"excerpt":{"rendered":"<p>Resources Check out our resources for fun learning in the classroom or at home! Let\u2019s Play! Have questions about vaccines? [&hellip;]<\/p>\n","protected":false},"author":1,"featured_media":0,"parent":0,"menu_order":0,"comment_status":"closed","ping_status":"closed","template":"page-templates\/pagebuilder.php","meta":{"om_disable_all_campaigns":false,"_monsterinsights_skip_tracking":false,"_monsterinsights_sitenote_active":false,"_monsterinsights_sitenote_note":"","_monsterinsights_sitenote_category":0,"footnotes":""},"class_list":["post-5","page","type-page","status-publish","hentry"],"aioseo_notices":[],"_links":{"self":[{"href":"https:\/\/whyimmunize.ca\/fr_ca\/wp-json\/wp\/v2\/pages\/5","targetHints":{"allow":["GET"]}}],"collection":[{"href":"https:\/\/whyimmunize.ca\/fr_ca\/wp-json\/wp\/v2\/pages"}],"about":[{"href":"https:\/\/whyimmunize.ca\/fr_ca\/wp-json\/wp\/v2\/types\/page"}],"author":[{"embeddable":true,"href":"https:\/\/whyimmunize.ca\/fr_ca\/wp-json\/wp\/v2\/users\/1"}],"replies":[{"embeddable":true,"href":"https:\/\/whyimmunize.ca\/fr_ca\/wp-json\/wp\/v2\/comments?post=5"}],"version-history":[{"count":233,"href":"https:\/\/whyimmunize.ca\/fr_ca\/wp-json\/wp\/v2\/pages\/5\/revisions"}],"predecessor-version":[{"id":2139,"href":"https:\/\/whyimmunize.ca\/fr_ca\/wp-json\/wp\/v2\/pages\/5\/revisions\/2139"}],"wp:attachment":[{"href":"https:\/\/whyimmunize.ca\/fr_ca\/wp-json\/wp\/v2\/media?parent=5"}],"curies":[{"name":"wp","href":"https:\/\/api.w.org\/{rel}","templated":true}]}}