{"id":813,"date":"2021-01-07T19:16:16","date_gmt":"2021-01-07T19:16:16","guid":{"rendered":"http:\/\/whyimmunizeflash.local\/?page_id=813"},"modified":"2021-03-31T18:47:33","modified_gmt":"2021-03-31T18:47:33","slug":"bias-busters","status":"publish","type":"page","link":"https:\/\/whyimmunize.ca\/en\/bias-busters\/","title":{"rendered":"BIAS BUSTERS"},"content":{"rendered":"\r\n\r\n\r\n<h3 class=\"wp-block-heading\"><span data-contrast=\"none\"><span style=\"color: #00acbe;\">Are you feeling puzzled by your social media feed? <\/span><\/span><\/h3>\r\n<h3><span style=\"color: #00acbe;\" data-contrast=\"none\">Unsure how to spot fact from fiction?<\/span><\/h3>\r\n<p>&nbsp;<\/p>\r\n<h3><span style=\"color: #00acbe;\" data-contrast=\"none\"><img loading=\"lazy\" decoding=\"async\" class=\"alignnone  wp-image-1445\" src=\"https:\/\/whyimmunize.ca\/wp-content\/uploads\/2021\/01\/MASTHEAD_Grandmother2.png\" alt=\"\" width=\"1327\" height=\"722\" srcset=\"https:\/\/whyimmunize.ca\/wp-content\/uploads\/2021\/01\/MASTHEAD_Grandmother2.png 1000w, https:\/\/whyimmunize.ca\/wp-content\/uploads\/2021\/01\/MASTHEAD_Grandmother2-300x163.png 300w, https:\/\/whyimmunize.ca\/wp-content\/uploads\/2021\/01\/MASTHEAD_Grandmother2-768x418.png 768w\" sizes=\"auto, (max-width: 1327px) 100vw, 1327px\" \/><br \/><\/span><\/h3>\r\n<h5>\u00a0<\/h5>\r\n<h5>Bias Busters is a virtual initiative full of interactive ways to help you build up an immunity to misinformation. <br \/>Play the game below to take on a real pseudoscientist or watch our videos to learn about how to spot when someone isn&#8217;t telling you the whole truth online.<\/h5>\r\n<p>&nbsp;<\/p>\r\n<h4><span style=\"color: #ff9900;\">English Videos:<\/span><\/h4>\r\n<h6><span style=\"color: #00acbe;\"><a style=\"color: #00acbe;\" href=\"#debunk_eng_gr3\">Debunk Video: Gr. 3\u00a0 \u00a0| \u00a0 <\/a><a style=\"color: #00acbe;\" href=\"#debunk_eng_gr4\">Debunk Video: Gr. 4-7\u00a0 \u00a0|\u00a0 \u00a0<\/a><a style=\"color: #00acbe;\" href=\"#debunk_eng_gr8\">Debunk Video: Gr. 8+\u00a0 \u00a0|\u00a0 \u00a0<\/a><a style=\"color: #00acbe;\" href=\"#trickortruth\">Trick or Truth Video<\/a><\/span><\/h6>\r\n<h3>\u00a0<\/h3>\r\n<h4><span style=\"color: #ff9900;\">Vid\u00e9os en Fran\u00e7ais:<\/span><\/h4>\r\n<h6><span style=\"color: #00acbe;\"><a style=\"color: #00acbe;\" href=\"#debunk_fr3\">Les justicier.\u00e8re.s de l\u2019information Vid\u00e9o: 3e ann\u00e9e<\/a>\u00a0 \u00a0|\u00a0 \u00a0<a style=\"color: #00acbe;\" href=\"#debunk_fr_gr4\">Les justicier.\u00e8re.s de l\u2019information Vid\u00e9o: 4-7e ann\u00e9e<\/a><\/span><\/h6>\r\n<h6><span style=\"color: #00acbe;\"><a style=\"color: #00acbe;\" href=\"#debunk_fr_gr8\">Les justicier.\u00e8re.s de l\u2019information Vid\u00e9o: 8e+ ann\u00e9e\u00a0 \u00a0|\u00a0 \u00a0<\/a><\/span><span style=\"color: #00acbe;\"><a style=\"color: #00acbe;\" href=\"#trickortruth_fr\">R\u00e9alit\u00e9 ou illusion Vid\u00e9o<\/a><\/span><\/h6>\r\n<p>&nbsp;<\/p>\r\n<h6>\u00a0<\/h6>\r\n<h3>\u00a0<\/h3>\r\n<hr \/>\r\n\r\n\r\n\r\n\r\n\r\n\r\n<h3 class=\"wp-block-heading\">\u00a0<\/h3>\r\n<h3><span style=\"color: #00acbe;\">Let&#8217;s Play!<br \/><br \/><\/span><\/h3>\r\n<div style=\"width: 100%;\">\r\n<div style=\"position: relative; padding-bottom: 56.25%; padding-top: 0; height: 0;\"><iframe loading=\"lazy\" style=\"position: absolute; top: 0; left: 0; width: 100%; height: 100%;\" src=\"https:\/\/view.genial.ly\/605ddaa2ec182f0d797eed9a\" width=\"1200\" height=\"675\" frameborder=\"0\" scrolling=\"yes\" allowfullscreen=\"allowfullscreen\"><\/iframe><\/div>\r\n<div><br \/><br \/><\/div>\r\n<div><hr \/><br \/>\r\n<h3><span style=\"color: #00acbe;\">Jouons!<\/span><\/h3>\r\n<\/div>\r\n<\/div>\r\n<div style=\"width: 100%;\">\r\n<div style=\"position: relative; padding-bottom: 56.25%; padding-top: 0; height: 0;\"><iframe loading=\"lazy\" style=\"position: absolute; top: 0; left: 0; width: 100%; height: 100%;\" src=\"https:\/\/view.genial.ly\/605ddaac92ed420d72f00c70\" width=\"1200\" height=\"675\" frameborder=\"0\" scrolling=\"yes\" allowfullscreen=\"allowfullscreen\"><\/iframe><\/div>\r\n<\/div>\r\n<p><\/p>\r\n<p>&nbsp;<\/p>\r\n<hr \/>\r\n\r\n\r\n<h3 class=\"wp-block-heading\" id=\"debunk_eng_gr3\">\u00a0<\/h3>\r\n<h3><span style=\"color: #00acbe;\">Videos<br \/><\/span><\/h3>\r\n<h6>Bias Busters Gr. 3<\/h6>\r\n<div style=\"width: 780px;\" class=\"wp-video\"><video class=\"wp-video-shortcode\" id=\"video-813-1\" width=\"780\" height=\"439\" preload=\"metadata\" controls=\"controls\"><source type=\"video\/mp4\" src=\"https:\/\/whyimmunize.ca\/wp-content\/uploads\/2021\/03\/Grade-3-V3_lorez.mp4?_=1\" \/><a href=\"https:\/\/whyimmunize.ca\/wp-content\/uploads\/2021\/03\/Grade-3-V3_lorez.mp4\">https:\/\/whyimmunize.ca\/wp-content\/uploads\/2021\/03\/Grade-3-V3_lorez.mp4<\/a><\/video><\/div>\r\n<p><br \/><a href=\"https:\/\/whyimmunize.ca\/wp-content\/uploads\/2021\/03\/TRAAP-Guide-4.pdf\"><img loading=\"lazy\" decoding=\"async\" class=\"alignnone wp-image-1037\" src=\"https:\/\/whyimmunize.ca\/wp-content\/uploads\/2021\/01\/DOWNLOAD_button-01-300x93.png\" alt=\"\" width=\"142\" height=\"44\" srcset=\"https:\/\/whyimmunize.ca\/wp-content\/uploads\/2021\/01\/DOWNLOAD_button-01-300x93.png 300w, https:\/\/whyimmunize.ca\/wp-content\/uploads\/2021\/01\/DOWNLOAD_button-01-16x5.png 16w, https:\/\/whyimmunize.ca\/wp-content\/uploads\/2021\/01\/DOWNLOAD_button-01.png 505w\" sizes=\"auto, (max-width: 142px) 100vw, 142px\" \/><\/a><a href=\"https:\/\/whyimmunize.ca\/wp-content\/uploads\/2021\/03\/Debunk-Post-for-Younger-Kids.png\"><img loading=\"lazy\" decoding=\"async\" class=\"alignnone wp-image-1888\" src=\"https:\/\/whyimmunize.ca\/wp-content\/uploads\/2021\/03\/DEBUNK_POST_Eng_Gr3-01.png\" alt=\"\" width=\"153\" height=\"47\" srcset=\"https:\/\/whyimmunize.ca\/wp-content\/uploads\/2021\/03\/DEBUNK_POST_Eng_Gr3-01.png 505w, https:\/\/whyimmunize.ca\/wp-content\/uploads\/2021\/03\/DEBUNK_POST_Eng_Gr3-01-300x93.png 300w, https:\/\/whyimmunize.ca\/wp-content\/uploads\/2021\/03\/DEBUNK_POST_Eng_Gr3-01-16x5.png 16w\" sizes=\"auto, (max-width: 153px) 100vw, 153px\" \/><\/a><\/p>\r\n<h3>\u00a0<\/h3>\r\n<h6 id=\"debunk_fr3\">Les justicier.\u00e8re.s de l\u2019information 3e ann\u00e9e<\/h6>\r\n<p><iframe loading=\"lazy\" title=\"Bias Busters Gr. 3\" width=\"780\" height=\"439\" src=\"https:\/\/www.youtube.com\/embed\/DhjaiNVkMJM?feature=oembed\" frameborder=\"0\" allow=\"accelerometer; autoplay; clipboard-write; encrypted-media; gyroscope; picture-in-picture\" allowfullscreen><\/iframe><\/p>\r\n<h3><span data-contrast=\"none\"><span style=\"color: #00acbe;\"><a href=\"https:\/\/whyimmunize.ca\/wp-content\/uploads\/2021\/03\/Copy-of-TRAAP-Guide_FR.pdf\"><img loading=\"lazy\" decoding=\"async\" class=\"alignnone wp-image-1720\" src=\"https:\/\/whyimmunize.ca\/wp-content\/uploads\/2021\/03\/DOWNLOAD-PDF_button_FR-01-300x93.png\" alt=\"\" width=\"152\" height=\"47\" srcset=\"https:\/\/whyimmunize.ca\/wp-content\/uploads\/2021\/03\/DOWNLOAD-PDF_button_FR-01-300x93.png 300w, https:\/\/whyimmunize.ca\/wp-content\/uploads\/2021\/03\/DOWNLOAD-PDF_button_FR-01-16x5.png 16w, https:\/\/whyimmunize.ca\/wp-content\/uploads\/2021\/03\/DOWNLOAD-PDF_button_FR-01.png 505w\" sizes=\"auto, (max-width: 152px) 100vw, 152px\" \/><\/a><a href=\"https:\/\/whyimmunize.ca\/wp-content\/uploads\/2021\/03\/Younger-Kids-Post_GR3_FR.png\"><img loading=\"lazy\" decoding=\"async\" class=\"alignnone wp-image-1887\" src=\"https:\/\/whyimmunize.ca\/wp-content\/uploads\/2021\/03\/DEBUNK_POST_FR_Gr3.png\" alt=\"\" width=\"152\" height=\"47\" srcset=\"https:\/\/whyimmunize.ca\/wp-content\/uploads\/2021\/03\/DEBUNK_POST_FR_Gr3.png 505w, https:\/\/whyimmunize.ca\/wp-content\/uploads\/2021\/03\/DEBUNK_POST_FR_Gr3-300x93.png 300w, https:\/\/whyimmunize.ca\/wp-content\/uploads\/2021\/03\/DEBUNK_POST_FR_Gr3-16x5.png 16w\" sizes=\"auto, (max-width: 152px) 100vw, 152px\" \/><\/a><\/span><\/span><\/h3>\r\n<p>&nbsp;<\/p>\r\n<hr \/>\r\n<h6 id=\"debunk_eng_gr4\">Bias Busters Gr. 4- 7<\/h6>\r\n<div style=\"width: 780px;\" class=\"wp-video\"><video class=\"wp-video-shortcode\" id=\"video-813-2\" width=\"780\" height=\"439\" preload=\"metadata\" controls=\"controls\"><source type=\"video\/mp4\" src=\"https:\/\/whyimmunize.ca\/wp-content\/uploads\/2021\/03\/Grade-4-7-V3_lorez.mp4?_=2\" \/><a href=\"https:\/\/whyimmunize.ca\/wp-content\/uploads\/2021\/03\/Grade-4-7-V3_lorez.mp4\">https:\/\/whyimmunize.ca\/wp-content\/uploads\/2021\/03\/Grade-4-7-V3_lorez.mp4<\/a><\/video><\/div>\r\n<h3>\u00a0<\/h3>\r\n<h3><a href=\"https:\/\/whyimmunize.ca\/wp-content\/uploads\/2021\/03\/TRAAP-Guide_GR4_7.pdf\"><img loading=\"lazy\" decoding=\"async\" class=\"alignnone wp-image-1037\" src=\"https:\/\/whyimmunize.ca\/wp-content\/uploads\/2021\/01\/DOWNLOAD_button-01-300x93.png\" alt=\"\" width=\"142\" height=\"44\" srcset=\"https:\/\/whyimmunize.ca\/wp-content\/uploads\/2021\/01\/DOWNLOAD_button-01-300x93.png 300w, https:\/\/whyimmunize.ca\/wp-content\/uploads\/2021\/01\/DOWNLOAD_button-01-16x5.png 16w, https:\/\/whyimmunize.ca\/wp-content\/uploads\/2021\/01\/DOWNLOAD_button-01.png 505w\" sizes=\"auto, (max-width: 142px) 100vw, 142px\" \/><\/a> <a href=\"https:\/\/whyimmunize.ca\/wp-content\/uploads\/2021\/03\/Middle-age-post_GR4_7.png\"><img loading=\"lazy\" decoding=\"async\" class=\"alignnone wp-image-1889\" src=\"https:\/\/whyimmunize.ca\/wp-content\/uploads\/2021\/03\/DEBUNK_POST_Eng_Gr4_7.png\" alt=\"\" width=\"159\" height=\"49\" srcset=\"https:\/\/whyimmunize.ca\/wp-content\/uploads\/2021\/03\/DEBUNK_POST_Eng_Gr4_7.png 505w, https:\/\/whyimmunize.ca\/wp-content\/uploads\/2021\/03\/DEBUNK_POST_Eng_Gr4_7-300x93.png 300w, https:\/\/whyimmunize.ca\/wp-content\/uploads\/2021\/03\/DEBUNK_POST_Eng_Gr4_7-16x5.png 16w\" sizes=\"auto, (max-width: 159px) 100vw, 159px\" \/><\/a><\/h3>\r\n<h3>\u00a0<\/h3>\r\n<h6 id=\"debunk_fr_gr4\">Les justicier.\u00e8re.s de l\u2019information 4e &#8211; 7e ann\u00e9e<\/h6>\r\n<p><iframe loading=\"lazy\" title=\"Les justicier.\u00e8re.s de l\u2019information 4e - 7e ann\u00e9e\" width=\"780\" height=\"439\" src=\"https:\/\/www.youtube.com\/embed\/ItDZ5pg4ibg?feature=oembed\" frameborder=\"0\" allow=\"accelerometer; autoplay; clipboard-write; encrypted-media; gyroscope; picture-in-picture\" allowfullscreen><\/iframe><\/p>\r\n<h3><span data-contrast=\"none\"><span style=\"color: #00acbe;\"><a href=\"https:\/\/whyimmunize.ca\/wp-content\/uploads\/2021\/03\/Copy-of-TRAAP-Guide_FR.pdf\"><img loading=\"lazy\" decoding=\"async\" class=\"alignnone wp-image-1720\" src=\"https:\/\/whyimmunize.ca\/wp-content\/uploads\/2021\/03\/DOWNLOAD-PDF_button_FR-01-300x93.png\" alt=\"\" width=\"152\" height=\"47\" srcset=\"https:\/\/whyimmunize.ca\/wp-content\/uploads\/2021\/03\/DOWNLOAD-PDF_button_FR-01-300x93.png 300w, https:\/\/whyimmunize.ca\/wp-content\/uploads\/2021\/03\/DOWNLOAD-PDF_button_FR-01-16x5.png 16w, https:\/\/whyimmunize.ca\/wp-content\/uploads\/2021\/03\/DOWNLOAD-PDF_button_FR-01.png 505w\" sizes=\"auto, (max-width: 152px) 100vw, 152px\" \/><\/a><a href=\"https:\/\/whyimmunize.ca\/wp-content\/uploads\/2021\/03\/4-7-article.png\"><img loading=\"lazy\" decoding=\"async\" class=\"alignnone wp-image-1886\" src=\"https:\/\/whyimmunize.ca\/wp-content\/uploads\/2021\/03\/DEBUNK_POST_FR_Gr4_7.png\" alt=\"\" width=\"159\" height=\"49\" srcset=\"https:\/\/whyimmunize.ca\/wp-content\/uploads\/2021\/03\/DEBUNK_POST_FR_Gr4_7.png 505w, https:\/\/whyimmunize.ca\/wp-content\/uploads\/2021\/03\/DEBUNK_POST_FR_Gr4_7-300x93.png 300w, https:\/\/whyimmunize.ca\/wp-content\/uploads\/2021\/03\/DEBUNK_POST_FR_Gr4_7-16x5.png 16w\" sizes=\"auto, (max-width: 159px) 100vw, 159px\" \/><\/a><\/span><\/span><\/h3>\r\n<hr \/>\r\n<p>&nbsp;<\/p>\r\n<h6 id=\"debunk_eng_gr8\">Bias Busters Gr. 8+<\/h6>\r\n<div style=\"width: 780px;\" class=\"wp-video\"><video class=\"wp-video-shortcode\" id=\"video-813-3\" width=\"780\" height=\"439\" preload=\"metadata\" controls=\"controls\"><source type=\"video\/mp4\" src=\"https:\/\/whyimmunize.ca\/wp-content\/uploads\/2021\/03\/Grade-8-V4_lorez.mp4?_=3\" \/><a href=\"https:\/\/whyimmunize.ca\/wp-content\/uploads\/2021\/03\/Grade-8-V4_lorez.mp4\">https:\/\/whyimmunize.ca\/wp-content\/uploads\/2021\/03\/Grade-8-V4_lorez.mp4<\/a><\/video><\/div>\r\n<h3><br \/><a href=\"https:\/\/whyimmunize.ca\/wp-content\/uploads\/2021\/03\/TRAAP-Guide_GR8.pdf\"><img loading=\"lazy\" decoding=\"async\" class=\"alignnone wp-image-1037\" src=\"https:\/\/whyimmunize.ca\/wp-content\/uploads\/2021\/01\/DOWNLOAD_button-01-300x93.png\" alt=\"\" width=\"142\" height=\"44\" srcset=\"https:\/\/whyimmunize.ca\/wp-content\/uploads\/2021\/01\/DOWNLOAD_button-01-300x93.png 300w, https:\/\/whyimmunize.ca\/wp-content\/uploads\/2021\/01\/DOWNLOAD_button-01-16x5.png 16w, https:\/\/whyimmunize.ca\/wp-content\/uploads\/2021\/01\/DOWNLOAD_button-01.png 505w\" sizes=\"auto, (max-width: 142px) 100vw, 142px\" \/><\/a> \u00a0<a href=\"https:\/\/whyimmunize.ca\/wp-content\/uploads\/2021\/03\/Debunk-Article_GR8.pdf\"><img loading=\"lazy\" decoding=\"async\" class=\"alignnone wp-image-1890\" src=\"https:\/\/whyimmunize.ca\/wp-content\/uploads\/2021\/03\/DEBUNK_POST_Eng_Gr8.png\" alt=\"\" width=\"142\" height=\"44\" srcset=\"https:\/\/whyimmunize.ca\/wp-content\/uploads\/2021\/03\/DEBUNK_POST_Eng_Gr8.png 505w, https:\/\/whyimmunize.ca\/wp-content\/uploads\/2021\/03\/DEBUNK_POST_Eng_Gr8-300x93.png 300w, https:\/\/whyimmunize.ca\/wp-content\/uploads\/2021\/03\/DEBUNK_POST_Eng_Gr8-16x5.png 16w\" sizes=\"auto, (max-width: 142px) 100vw, 142px\" \/><\/a><\/h3>\r\n<h6>\u00a0<\/h6>\r\n<h6>\u00a0<\/h6>\r\n<h6 id=\"debunk_fr_gr8\">Les justicier.\u00e8re.s de l\u2019information 8e ann\u00e9e et plus<\/h6>\r\n<p><iframe loading=\"lazy\" title=\"Les justicier.\u00e8re.s de l\u2019information 8e + ann\u00e9e\" width=\"780\" height=\"439\" src=\"https:\/\/www.youtube.com\/embed\/df9pnCveBx4?feature=oembed\" frameborder=\"0\" allow=\"accelerometer; autoplay; clipboard-write; encrypted-media; gyroscope; picture-in-picture\" allowfullscreen><\/iframe><\/p>\r\n<h3><span data-contrast=\"none\"><span style=\"color: #00acbe;\"><a href=\"https:\/\/whyimmunize.ca\/wp-content\/uploads\/2021\/03\/Copy-of-TRAAP-Guide_FR.pdf\"><img loading=\"lazy\" decoding=\"async\" class=\"alignnone wp-image-1720\" src=\"https:\/\/whyimmunize.ca\/wp-content\/uploads\/2021\/03\/DOWNLOAD-PDF_button_FR-01-300x93.png\" alt=\"\" width=\"152\" height=\"47\" srcset=\"https:\/\/whyimmunize.ca\/wp-content\/uploads\/2021\/03\/DOWNLOAD-PDF_button_FR-01-300x93.png 300w, https:\/\/whyimmunize.ca\/wp-content\/uploads\/2021\/03\/DOWNLOAD-PDF_button_FR-01-16x5.png 16w, https:\/\/whyimmunize.ca\/wp-content\/uploads\/2021\/03\/DOWNLOAD-PDF_button_FR-01.png 505w\" sizes=\"auto, (max-width: 152px) 100vw, 152px\" \/><\/a><a href=\"https:\/\/whyimmunize.ca\/wp-content\/uploads\/2021\/03\/Debunk-Article_Gr8_Fr.pdf\"><img loading=\"lazy\" decoding=\"async\" class=\"alignnone wp-image-1885\" src=\"https:\/\/whyimmunize.ca\/wp-content\/uploads\/2021\/03\/DEBUNK_POST_FR_Gr8.png\" alt=\"\" width=\"159\" height=\"49\" srcset=\"https:\/\/whyimmunize.ca\/wp-content\/uploads\/2021\/03\/DEBUNK_POST_FR_Gr8.png 505w, https:\/\/whyimmunize.ca\/wp-content\/uploads\/2021\/03\/DEBUNK_POST_FR_Gr8-300x93.png 300w, https:\/\/whyimmunize.ca\/wp-content\/uploads\/2021\/03\/DEBUNK_POST_FR_Gr8-16x5.png 16w\" sizes=\"auto, (max-width: 159px) 100vw, 159px\" \/><\/a><\/span><\/span><\/h3>\r\n<hr \/>\r\n<h3>\u00a0<\/h3>\r\n<h3 id=\"trickortruth\"><span style=\"color: #00acbe;\"><b>Trick or Truth\u00a0<\/b><\/span><\/h3>\r\n<h6>Trick or Truth<\/h6>\r\n<p><iframe loading=\"lazy\" title=\"Trick or Truth\" width=\"780\" height=\"439\" src=\"https:\/\/www.youtube.com\/embed\/X3Jg1tvzfnQ?feature=oembed\" frameborder=\"0\" allow=\"accelerometer; autoplay; clipboard-write; encrypted-media; gyroscope; picture-in-picture\" allowfullscreen><\/iframe><\/p>\r\n<p>&nbsp;<\/p>\r\n<h6 id=\"trickortruth_fr\">R\u00e9alit\u00e9 ou illusion<\/h6>\r\n<p><iframe loading=\"lazy\" title=\"R\u00e9alit\u00e9 ou illusion\" width=\"780\" height=\"439\" src=\"https:\/\/www.youtube.com\/embed\/jryJDvSYD0o?feature=oembed\" frameborder=\"0\" allow=\"accelerometer; autoplay; clipboard-write; encrypted-media; gyroscope; picture-in-picture\" allowfullscreen><\/iframe><\/p>\r\n<p>&nbsp;<\/p>\r\n<hr \/>\r\n<p>&nbsp;<\/p>\r\n<p><a href=\"https:\/\/whyimmunize.ca\/wp-content\/uploads\/2021\/03\/Trick-or-Treat-images.jpg\"><img loading=\"lazy\" decoding=\"async\" class=\"alignnone size-full wp-image-1851\" src=\"https:\/\/whyimmunize.ca\/wp-content\/uploads\/2021\/03\/Trick-or-Treat-images.jpg\" alt=\"\" width=\"1667\" height=\"1042\" srcset=\"https:\/\/whyimmunize.ca\/wp-content\/uploads\/2021\/03\/Trick-or-Treat-images.jpg 1667w, https:\/\/whyimmunize.ca\/wp-content\/uploads\/2021\/03\/Trick-or-Treat-images-300x188.jpg 300w, https:\/\/whyimmunize.ca\/wp-content\/uploads\/2021\/03\/Trick-or-Treat-images-1024x640.jpg 1024w, https:\/\/whyimmunize.ca\/wp-content\/uploads\/2021\/03\/Trick-or-Treat-images-768x480.jpg 768w, https:\/\/whyimmunize.ca\/wp-content\/uploads\/2021\/03\/Trick-or-Treat-images-1536x960.jpg 1536w, https:\/\/whyimmunize.ca\/wp-content\/uploads\/2021\/03\/Trick-or-Treat-images-16x10.jpg 16w\" sizes=\"auto, (max-width: 1667px) 100vw, 1667px\" \/><\/a><\/p>\r\n<h6>\u00a0<\/h6>\r\n<p>&nbsp;<\/p>\r\n<p>&nbsp;<\/p>\r\n<h3 style=\"text-align: center;\"><span style=\"color: #00acbe;\">THIS PROJECT IS MADE POSSIBLE BY THE GOVERNMENT OF CANADA<\/span><\/h3>\r\n\r\n\r\n\r\n<p><img loading=\"lazy\" decoding=\"async\" class=\"size-medium wp-image-924 aligncenter\" src=\"https:\/\/whyimmunize.ca\/wp-content\/uploads\/2021\/01\/GovCanada_logo_new_sm-300x106.png\" alt=\"\" width=\"300\" height=\"106\" srcset=\"https:\/\/whyimmunize.ca\/wp-content\/uploads\/2021\/01\/GovCanada_logo_new_sm-300x106.png 300w, https:\/\/whyimmunize.ca\/wp-content\/uploads\/2021\/01\/GovCanada_logo_new_sm-16x6.png 16w, https:\/\/whyimmunize.ca\/wp-content\/uploads\/2021\/01\/GovCanada_logo_new_sm.png 360w\" sizes=\"auto, (max-width: 300px) 100vw, 300px\" \/><\/p>\r\n","protected":false},"excerpt":{"rendered":"<p>Are you feeling puzzled by your social media feed? Unsure how to spot fact from fiction? &nbsp; \u00a0 Bias Busters [&hellip;]<\/p>\n","protected":false},"author":1,"featured_media":0,"parent":0,"menu_order":0,"comment_status":"closed","ping_status":"closed","template":"","meta":{"om_disable_all_campaigns":false,"_monsterinsights_skip_tracking":false,"_monsterinsights_sitenote_active":false,"_monsterinsights_sitenote_note":"","_monsterinsights_sitenote_category":0,"footnotes":""},"class_list":["post-813","page","type-page","status-publish","hentry"],"aioseo_notices":[],"_links":{"self":[{"href":"https:\/\/whyimmunize.ca\/en\/wp-json\/wp\/v2\/pages\/813","targetHints":{"allow":["GET"]}}],"collection":[{"href":"https:\/\/whyimmunize.ca\/en\/wp-json\/wp\/v2\/pages"}],"about":[{"href":"https:\/\/whyimmunize.ca\/en\/wp-json\/wp\/v2\/types\/page"}],"author":[{"embeddable":true,"href":"https:\/\/whyimmunize.ca\/en\/wp-json\/wp\/v2\/users\/1"}],"replies":[{"embeddable":true,"href":"https:\/\/whyimmunize.ca\/en\/wp-json\/wp\/v2\/comments?post=813"}],"version-history":[{"count":133,"href":"https:\/\/whyimmunize.ca\/en\/wp-json\/wp\/v2\/pages\/813\/revisions"}],"predecessor-version":[{"id":1939,"href":"https:\/\/whyimmunize.ca\/en\/wp-json\/wp\/v2\/pages\/813\/revisions\/1939"}],"wp:attachment":[{"href":"https:\/\/whyimmunize.ca\/en\/wp-json\/wp\/v2\/media?parent=813"}],"curies":[{"name":"wp","href":"https:\/\/api.w.org\/{rel}","templated":true}]}}